{"id":267,"date":"2024-10-04T07:00:32","date_gmt":"2024-10-04T07:00:32","guid":{"rendered":"https:\/\/my-proof.com\/?page_id=267"},"modified":"2025-03-03T08:55:47","modified_gmt":"2025-03-03T08:55:47","slug":"contact","status":"publish","type":"page","link":"https:\/\/my-proof.com\/en\/contact\/","title":{"rendered":"Contact"},"content":{"rendered":"\t\t<div data-elementor-type=\"wp-page\" data-elementor-id=\"267\" class=\"elementor elementor-267\" data-elementor-post-type=\"page\">\n\t\t\t\t<div class=\"elementor-element elementor-element-467fd2d e-flex e-con-boxed e-con e-parent\" data-id=\"467fd2d\" data-element_type=\"container\" data-e-type=\"container\" data-settings=\"{&quot;background_background&quot;:&quot;classic&quot;}\">\n\t\t\t\t\t<div class=\"e-con-inner\">\n\t\t<div class=\"elementor-element elementor-element-f78cabf e-con-full e-flex e-con e-child\" data-id=\"f78cabf\" data-element_type=\"container\" data-e-type=\"container\">\n\t\t<div class=\"elementor-element elementor-element-196226b e-con-full e-flex e-con e-child\" data-id=\"196226b\" data-element_type=\"container\" data-e-type=\"container\">\n\t\t\t\t<div class=\"elementor-element elementor-element-60185b9 elementor-widget__width-inherit elementor-invisible elementor-widget elementor-widget-heading\" data-id=\"60185b9\" data-element_type=\"widget\" data-e-type=\"widget\" data-settings=\"{&quot;_animation&quot;:&quot;fadeInUp&quot;}\" data-widget_type=\"heading.default\">\n\t\t\t\t\t<h2 class=\"elementor-heading-title elementor-size-default\">Contacter notre \u00e9quipe<\/h2>\t\t\t\t<\/div>\n\t\t\t\t<div class=\"elementor-element elementor-element-d966af4 elementor-widget__width-inherit elementor-invisible elementor-widget elementor-widget-text-editor\" data-id=\"d966af4\" data-element_type=\"widget\" data-e-type=\"widget\" data-settings=\"{&quot;_animation&quot;:&quot;fadeInUp&quot;}\" data-widget_type=\"text-editor.default\">\n\t\t\t\t\t\t\t\t\t<p>Nos experts sont \u00e0 votre disposition pour vous guider et r\u00e9pondre \u00e0 toutes vos interrogations sur MyProof.<\/p>\t\t\t\t\t\t\t\t<\/div>\n\t\t\t\t<div class=\"elementor-element elementor-element-d9ab717 elementor-widget__width-inherit elementor-widget-tablet__width-inherit elementor-widget-mobile__width-inherit elementor-button-align-end elementor-widget elementor-widget-global elementor-global-5362 elementor-widget-form\" data-id=\"d9ab717\" data-element_type=\"widget\" data-e-type=\"widget\" data-settings=\"{&quot;step_next_label&quot;:&quot;Suivant&quot;,&quot;step_previous_label&quot;:&quot;Pr\\u00e9c\\u00e9dent&quot;,&quot;button_width&quot;:&quot;100&quot;,&quot;step_type&quot;:&quot;number_text&quot;,&quot;step_icon_shape&quot;:&quot;circle&quot;}\" data-widget_type=\"form.default\">\n\t\t\t\t\t\t\t<form class=\"elementor-form\" method=\"post\" name=\"Contact\" aria-label=\"Contact\">\n\t\t\t<input type=\"hidden\" name=\"post_id\" value=\"267\"\/>\n\t\t\t<input type=\"hidden\" name=\"form_id\" value=\"d9ab717\"\/>\n\t\t\t<input type=\"hidden\" name=\"referer_title\" value=\"\" \/>\n\n\t\t\t\n\t\t\t<div class=\"elementor-form-fields-wrapper elementor-labels-\">\n\t\t\t\t\t\t\t\t<div class=\"elementor-field-type-text elementor-field-group elementor-column elementor-field-group-nom elementor-col-100 elementor-field-required\">\n\t\t\t\t\t\t\t\t\t\t\t\t<label for=\"form-field-nom\" class=\"elementor-field-label elementor-screen-only\">\n\t\t\t\t\t\t\t\tNom\t\t\t\t\t\t\t<\/label>\n\t\t\t\t\t\t\t\t\t\t\t\t\t\t<input size=\"1\" type=\"text\" name=\"form_fields[nom]\" id=\"form-field-nom\" class=\"elementor-field elementor-size-lg  elementor-field-textual\" placeholder=\"Nom\" required=\"required\">\n\t\t\t\t\t\t\t\t\t\t\t<\/div>\n\t\t\t\t\t\t\t\t<div class=\"elementor-field-type-email elementor-field-group elementor-column elementor-field-group-email elementor-col-100 elementor-field-required\">\n\t\t\t\t\t\t\t\t\t\t\t\t<label for=\"form-field-email\" class=\"elementor-field-label elementor-screen-only\">\n\t\t\t\t\t\t\t\tEmail\t\t\t\t\t\t\t<\/label>\n\t\t\t\t\t\t\t\t\t\t\t\t\t\t<input size=\"1\" type=\"email\" name=\"form_fields[email]\" id=\"form-field-email\" class=\"elementor-field elementor-size-lg  elementor-field-textual\" placeholder=\"Email\" required=\"required\">\n\t\t\t\t\t\t\t\t\t\t\t<\/div>\n\t\t\t\t\t\t\t\t<div class=\"elementor-field-type-textarea elementor-field-group elementor-column elementor-field-group-message elementor-col-100 elementor-field-required\">\n\t\t\t\t\t\t\t\t\t\t\t\t<label for=\"form-field-message\" class=\"elementor-field-label elementor-screen-only\">\n\t\t\t\t\t\t\t\tMessage\t\t\t\t\t\t\t<\/label>\n\t\t\t\t\t\t<textarea class=\"elementor-field-textual elementor-field  elementor-size-lg\" name=\"form_fields[message]\" id=\"form-field-message\" rows=\"10\" placeholder=\"Ecrivez ici votre message\" required=\"required\"><\/textarea>\t\t\t\t<\/div>\n\t\t\t\t\t\t\t\t<div class=\"elementor-field-type-text\">\n\t\t\t\t\t<input size=\"1\" type=\"text\" name=\"form_fields[honeypot]\" id=\"form-field-honeypot\" class=\"elementor-field elementor-size-lg \" style=\"display:none !important;\">\t\t\t\t<\/div>\n\t\t\t\t\t\t\t\t<div class=\"elementor-field-type-hidden elementor-field-group elementor-column elementor-field-group-page elementor-col-100\">\n\t\t\t\t\t\t\t\t\t\t\t\t\t<input size=\"1\" type=\"hidden\" name=\"form_fields[page]\" id=\"form-field-page\" class=\"elementor-field elementor-size-lg  elementor-field-textual\" value=\"[current_permalink]\">\n\t\t\t\t\t\t\t\t\t\t\t<\/div>\n\t\t\t\t\t\t\t\t<div class=\"elementor-field-group elementor-column elementor-field-type-submit elementor-col-100 e-form__buttons\">\n\t\t\t\t\t<button class=\"elementor-button elementor-size-md\" type=\"submit\">\n\t\t\t\t\t\t<span class=\"elementor-button-content-wrapper\">\n\t\t\t\t\t\t\t\t\t\t\t\t\t\t\t<span class=\"elementor-button-icon\">\n\t\t\t\t\t\t\t\t\t<svg xmlns=\"http:\/\/www.w3.org\/2000\/svg\" xmlns:xlink=\"http:\/\/www.w3.org\/1999\/xlink\" width=\"35.355\" height=\"35.355\" viewBox=\"0 0 35.355 35.355\"><image id=\"Fichier_4\" data-name=\"Fichier 4\" width=\"25\" height=\"25\" transform=\"translate(17.678) rotate(45)\" xlink:href=\"data:image\/png;base64,iVBORw0KGgoAAAANSUhEUgAAAQAAAAEACAYAAABccqhmAAAACXBIWXMAAAsSAAALEgHS3X78AAAHWUlEQVR4nO3cz3HbZgLG4deaHDMTa0Z3p4NdV7BOBVEJTgcqISW4g\/V2oO3AJTgl5K4Z2RUoB9oWJZESCQL4\/j3P0RJIXN6fIQ7AV3d3d9nr9uZdkn8neb3\/l4DKfUryOecXXx7\/4NXOANze\/JnkKskvC58YsJ7\/JbnaDsHDANzevM6mFv9a+8yAVfyd5DLnF5+T5OzRDz\/G+KFnb5Jcf\/vPfisAm7\/3fy9zTsCK3mTzJ\/6DK4CrMucCFHCVbH8GcHvzJT70g5G83b4CMH4Yy+vHHwICA9kOwF\/FzgIoYjsA18XOAihiOwAfknwtdSLA+u4DsLk98F2xMwFW9\/BDwM3tgW+zuV0Q6Nzuh4GS5PbmfZLLeBIQSvgpm9vyf17wPX7bHwCgjPUeyvvNfQBQk5WfyBUAqEWBx\/EFAGpQ6Ls4BABKK\/hFPAIAJRX+Fi4BgFIq+Ao+AYASKhh\/IgCwvkrGnwgArKui8ScCAOtZZvx\/nHKwAMAalhr\/+cXHU15AAGBplY4\/EQBYVsXjTwQAllP5+BMBgGU0MP5EAGB+jYw\/EQCYV0PjTwQA5tPY+BMBgHk0OP5EAOB0jY4\/EQA4TcPjTwQApmt8\/IkAwDQdjD8RADheJ+NPBACO09H4EwGAw3U2\/kQA4DAdjj8RAHhZp+NPBACe1\/H4EwGA\/ToffyIAsNsA408EAJ4aZPyJAMBDA40\/EQC4N9j4EwGAjQHHnwgADDv+RAAY3cDjTwSAkQ0+\/kQAGJXxJxEARmT8PwgAYzH+BwSAcRj\/EwLAGIx\/JwGgf8a\/lwDQN+N\/lgDQL+N\/kQDQJ+M\/iADQH+M\/mADQF+M\/igDQD+M\/mgDQB+OfRABon\/FPJgC0zfhPIgC0y\/hPJgC0yfhnIQC0x\/hnIwC0xfhnJQC0w\/hnJwC0wfgXIQDUz\/gXIwDUzfgXJQDUy\/gXJwDUyfhXIQDUx\/hXIwDUxfhXJQDUw\/hXJwDUwfiLEADKM\/5iBICyjL8oAaAc4y9OACjD+KsgAKzP+KshAKzL+KsiAKzH+KsjAKzD+KskACzP+KslACzL+KsmACzH+KsnACzD+JsgAMzP+JshAMzL+JsiAMzH+JsjAMzD+JskAJzO+JslAJzG+JsmAExn\/M0TAKYx\/i4IAMcz\/m4IAMcx\/q4IAIcz\/u4IAIcx\/i4JAC8z\/m4JAM8z\/q4JAPsZf\/cEgN2MfwgCwFPGPwwB4CHjH4oAcM\/4hyMAbBj\/kAQA4x+YAIzO+IcmACMz\/uEJwKiMnwjAmIyfbwRgNMbPFgEYifHziACMwvjZQQBGYPzsIQC9M36eIQA9M35eIAC9Mn4OIAA9Mn4OJAC9MX6OIAA9MX6OJAC9MH4mEIAeGD8TCUDrjJ8TCEDLjJ8TCUCrjJ8ZCECLjJ+ZCEBrjJ8ZCUBLjJ+ZCUArjJ8FCEALjJ+FCEDtjJ8FCUDNjJ+FCUCtjJ8VCECNjJ+VCEBtjJ8VCUBNjJ+VCUAtjJ8CBKAGxk8hAlCa8VOQAJRk\/BQmAKUYPxUQgBKMn0oIwNqMn4oIwJqMn8oIwFqMnwoJwBqMn0oJwNKMn4oJwJKMn8oJwFKMnwYIwBKMn0YIwNyMn4YIwJyMn8YIwFyMnwYJwByMn0YJwKmMn4YJwCmMn8YJwFTGTwcEYArjpxMCcCzjpyMCcAzjpzMCcCjjp0MCcAjjp1MC8BLjp2MC8Bzjp3MCsI\/xMwAB2MX4GYQAPGb8DEQAthk\/gxGA74yfAQlAYvwMSwCMn4GNHQDjZ3DjBsD4YdAAGD8kGTEAxg8\/jBUA44cHxgmA8cMTYwTA+GGn\/gNg\/LBX3wEwfnhWvwEwfnhRnwEwfjhIfwEwfjhYXwEwfjhKPwEwfjhaHwEwfpik\/QAYP0zWdgCMH07SbgCMH07WZgCMH2bRXgCMH2bTVgCMH2bVTgCMH2bXRgCMHxZRfwCMHxZTdwCMHxZVbwCMHxZXZwCMH1ZRXwCMH1ZTVwCMH1ZVTwCMH1ZXRwCMH4ooHwDjh2LKBsD4oahyATB+KK5MAIwfqrB+AIwfqrFuAIwfqrJeAIwfqrNOAIwfqrR8AIwfqrVsAIwfqrZcAIwfqrdMAIwfmjB\/AIwfmjFvAIwfmjJfAIwfmjNPAIwfmnR6AIwfmnVaAIwfmjY9AMYPzZsWAOOHLhwfAOOHbhwXAOOHrhweAOOH7hwWAOOHLr0cAOOHbj0fAOOHru0PgPFD93YHwPhhCE8DYPwwjIcBMH4Yyn0AjB+GswmA8cOQvl8BXMf4YThnub15n+Q\/M76m8UMjzpJczvh6xg8NOUvy+0yvZfzQmLm+Fdj4oZy\/Jh11fvFpjgAYP5R1PeGY\/yebK4C\/T3hj44fyPiT5OuGYnGVaPRLjhzqcX3xJ8u6II\/7I+cWnZBOAKfUwfqjJ+cXnJG\/z\/BX91zza7qu7u7t8uxfgvwe+lfFDzTZ7vkzyeutfr5N8\/Ha18MMmAJuDLpN8TPLLnpf9muTK+KEf9wFIvj8T8D6bevyaTUE+Z089gLb9Aw54+VDnNPZwAAAAAElFTkSuQmCC\"><\/image><\/svg>\t\t\t\t\t\t\t\t\t\t\t\t\t\t\t\t\t<\/span>\n\t\t\t\t\t\t\t\t\t\t\t\t\t\t\t\t\t\t\t\t\t\t<span class=\"elementor-button-text\">Envoyer<\/span>\n\t\t\t\t\t\t\t\t\t\t\t\t\t<\/span>\n\t\t\t\t\t<\/button>\n\t\t\t\t<\/div>\n\t\t\t<\/div>\n\t\t<\/form>\n\t\t\t\t\t\t<\/div>\n\t\t\t\t<\/div>\n\t\t<div class=\"elementor-element elementor-element-76870ce e-con-full e-flex e-con e-child\" data-id=\"76870ce\" data-element_type=\"container\" data-e-type=\"container\">\n\t\t\t\t<div class=\"elementor-element elementor-element-1feb7c3 elementor-widget elementor-widget-google_maps\" data-id=\"1feb7c3\" data-element_type=\"widget\" data-e-type=\"widget\" data-widget_type=\"google_maps.default\">\n\t\t\t\t\t\t\t<div class=\"elementor-custom-embed\">\n\t\t\t<iframe loading=\"lazy\"\n\t\t\t\t\tsrc=\"https:\/\/www.google.com\/maps\/embed\/v1\/place?key=AIzaSyBekMveQQbw47C9PGBDx4IWK5N3tPJVPn4&#038;q=19%20Rue%20Job%2C%2031000%20Toulouse%2C%20France&#038;zoom=15\"\n\t\t\t\t\ttitle=\"19 Rue Job, 31000 Toulouse, France\"\n\t\t\t\t\taria-label=\"19 Rue Job, 31000 Toulouse, France\"\n\t\t\t><\/iframe>\n\t\t<\/div>\n\t\t\t\t\t\t<\/div>\n\t\t\t\t<\/div>\n\t\t\t\t<\/div>\n\t\t\t\t\t<\/div>\n\t\t\t\t<\/div>\n\t\t\t\t<\/div>\n\t\t","protected":false},"excerpt":{"rendered":"<p>Contact our team Our experts are on hand to guide you and answer any questions you may have about MyProof.<\/p>","protected":false},"author":1,"featured_media":0,"parent":0,"menu_order":0,"comment_status":"closed","ping_status":"closed","template":"","meta":{"footnotes":""},"class_list":["post-267","page","type-page","status-publish","hentry"],"_links":{"self":[{"href":"https:\/\/my-proof.com\/en\/wp-json\/wp\/v2\/pages\/267","targetHints":{"allow":["GET"]}}],"collection":[{"href":"https:\/\/my-proof.com\/en\/wp-json\/wp\/v2\/pages"}],"about":[{"href":"https:\/\/my-proof.com\/en\/wp-json\/wp\/v2\/types\/page"}],"author":[{"embeddable":true,"href":"https:\/\/my-proof.com\/en\/wp-json\/wp\/v2\/users\/1"}],"replies":[{"embeddable":true,"href":"https:\/\/my-proof.com\/en\/wp-json\/wp\/v2\/comments?post=267"}],"version-history":[{"count":3,"href":"https:\/\/my-proof.com\/en\/wp-json\/wp\/v2\/pages\/267\/revisions"}],"predecessor-version":[{"id":7023,"href":"https:\/\/my-proof.com\/en\/wp-json\/wp\/v2\/pages\/267\/revisions\/7023"}],"wp:attachment":[{"href":"https:\/\/my-proof.com\/en\/wp-json\/wp\/v2\/media?parent=267"}],"curies":[{"name":"wp","href":"https:\/\/api.w.org\/{rel}","templated":true}]}}