{"id":992,"date":"2024-10-20T05:18:05","date_gmt":"2024-10-20T05:18:05","guid":{"rendered":"https:\/\/my-proof.com\/?page_id=992"},"modified":"2025-01-09T15:17:10","modified_gmt":"2025-01-09T15:17:10","slug":"mentions-legales","status":"publish","type":"page","link":"https:\/\/my-proof.com\/en\/conformite\/mentions-legales\/","title":{"rendered":"Terms of use"},"content":{"rendered":"<div data-elementor-type=\"wp-page\" data-elementor-id=\"992\" class=\"elementor elementor-992\" data-elementor-post-type=\"page\">\n\t\t\t\t<div class=\"elementor-element elementor-element-2338902 e-con-full e-flex e-con e-parent\" data-id=\"2338902\" data-element_type=\"container\" data-e-type=\"container\" data-settings=\"{&quot;background_background&quot;:&quot;classic&quot;}\">\n\t\t<header class=\"elementor-element elementor-element-f2473f9 e-flex e-con-boxed e-con e-child\" data-id=\"f2473f9\" data-element_type=\"container\" data-e-type=\"container\" data-settings=\"{&quot;background_background&quot;:&quot;gradient&quot;}\">\n\t\t\t\t\t<div class=\"e-con-inner\">\n\t\t<div class=\"elementor-element elementor-element-0cfbbfb e-con-full e-flex e-con e-child\" data-id=\"0cfbbfb\" data-element_type=\"container\" data-e-type=\"container\">\n\t\t\t\t<div class=\"elementor-element elementor-element-8b7898e elementor-widget__width-initial elementor-widget-tablet__width-inherit elementor-widget elementor-widget-heading\" data-id=\"8b7898e\" data-element_type=\"widget\" data-e-type=\"widget\" data-widget_type=\"heading.default\">\n\t\t\t\t\t<h1 class=\"elementor-heading-title elementor-size-default\">Legal information about my-proof.com<\/h1>\t\t\t\t<\/div>\n\t\t\t\t<div class=\"elementor-element elementor-element-a712844 elementor-widget__width-initial elementor-widget-tablet__width-inherit elementor-widget elementor-widget-text-editor\" data-id=\"a712844\" data-element_type=\"widget\" data-e-type=\"widget\" data-widget_type=\"text-editor.default\">\n\t\t\t\t\t\t\t\t\t<p><p>In accordance with the provisions of law no. 2004-575 of June 21, 2004 on confidence in the digital economy, users of the my-proof.com website are informed of the identity of the various parties involved in its creation and follow-up.<\/p>\n<\/p>\t\t\t\t\t\t\t\t<\/div>\n\t\t\t\t<div class=\"elementor-element elementor-element-4ab930c elementor-align-left elementor-widget__width-auto elementor-widget elementor-widget-button\" data-id=\"4ab930c\" data-element_type=\"widget\" data-e-type=\"widget\" data-widget_type=\"button.default\">\n\t\t\t\t\t\t\t\t\t\t<a class=\"elementor-button elementor-button-link elementor-size-md\" href=\"#content\">\n\t\t\t\t\t\t<span class=\"elementor-button-content-wrapper\">\n\t\t\t\t\t\t\t\t\t<span class=\"elementor-button-text\">Start<\/span>\n\t\t\t\t\t<\/span>\n\t\t\t\t\t<\/a>\n\t\t\t\t\t\t\t\t<\/div>\n\t\t\t\t<div class=\"elementor-element elementor-element-f94eec2 elementor-widget__width-auto elementor-view-default elementor-widget elementor-widget-icon\" data-id=\"f94eec2\" data-element_type=\"widget\" data-e-type=\"widget\" data-widget_type=\"icon.default\">\n\t\t\t\t\t\t\t<div class=\"elementor-icon-wrapper\">\n\t\t\t<div class=\"elementor-icon\">\n\t\t\t<svg xmlns=\"http:\/\/www.w3.org\/2000\/svg\" xmlns:xlink=\"http:\/\/www.w3.org\/1999\/xlink\" width=\"105\" height=\"105\" viewbox=\"0 0 105 105\"><image id=\"Fichier_3\" data-name=\"Fichier 3\" width=\"105\" height=\"105\" xlink:href=\"data:image\/png;base64,iVBORw0KGgoAAAANSUhEUgAAAQAAAAEACAYAAABccqhmAAAACXBIWXMAAAsSAAALEgHS3X78AAAHn0lEQVR4nO3cO25b6QGG4Y+e9JMdjAAuwOlYBXCXdpINZJINxGVKp0vpIBvwrCBp003LVBaQlEQ8O\/CsgClsa3ShJF7OOf\/teQAVkkjqb74XFG+r\/X6fQ1brzask3yV5leSbgxcCWnGd5Ickb\/e77YcvP1wdCsBqvXmb5E9LnQxYzE9JXu9323fJgQCs1pt3SX6\/+LGAJf1hv9u+uxOA1XrzbZJ\/lDsTsJCfkly9uPfDNwUOAizv6ySvb+4BrNabqyT\/K3kiYFHXt+8BXJU6BVDEy\/v\/AgADuR2Aj8VOARRx\/1mAD\/GiHxjG\/X8B3pU4BFDGoRcCvU\/yssxxgCUdehDwVT69bhjo3MH3AiTJar15k09vBvKYAHTq0QDcXODTC4SuljgMcMefk\/xmzj\/wbACA5S31pjwvBILKLPmOXAGAiiz9dnwBgEqU+CwOAYAKlPogHgGAwkp+CpcAQEGlP4JPAKCQ0uNPBACKqGH8iQDA4mYY\/7\/OvaIAwIJmGP\/3Sf567pUFABYyx\/j3u+13l9yAAMACahx\/IgAwu1rHnwgAzKrm8ScCALOpffyJAMAsWhh\/IgAwuVbGnwgATKql8ScCAJNpbfyJAMAkWhx\/IgBwsVbHnwgAXKTl8ScCAGdrffyJAMBZehh\/IgBwsl7GnwgAnKSn8ScCAEfrbfyJAMBRehx\/IgDwrF7HnwgAPKnn8ScCAI\/qffyJAMBBI4w\/EQB4YJTxJwIAd4w0\/kQA4MZo408EAJKMOf5EAGDY8ScCwOBGHn8iAAxs9PEnAsCgjP8TAWA4xv8zAWAoxn+XADAM439IABiC8R8mAHTP+B8nAHTN+J8mAHTL+J8nAHTJ+I8jAHTH+I8nAHTF+E8jAHTD+E8nAHTB+M8jADTP+M8nADTN+C8jADTL+C8nADTJ+KchADTH+KcjADTF+KclADTD+KcnADTB+OchAFTP+OcjAFTN+OclAFTL+OcnAFTJ+JchAFTH+JcjAFTF+JclAFTD+JcnAFTB+MsQAIoz\/nIEgKKMvywBoBjjL08AKML46yAALM746yEALMr46yIALMb46yMALML46yQAzM746yUAzMr46yYAzMb46ycAzML42yAATM742yEATMr42yIATMb42yMATML42yQAXMz42yUAXMT42yYAnM342ycAnMX4+yAAnMz4+yEAnMT4+yIAHM34+yMAHMX4+yQAPMv4+yUAPMn4+yYAPMr4+ycAHGT8YxAAHjD+cQgAdxj\/WASAG8Y\/HgEgifGPSgAw\/oEJwOCMf2wCMDDjRwAGZfwkAjAk4+cLARiM8XObAAzE+LlPAAZh\/BwiAAMwfh4jAJ0zfp4iAB0zfp4jAJ0yfo4hAB0yfo4lAJ0xfk4hAB0xfk4lAJ0wfs4hAB0wfs4lAI0zfi4hAA0zfi4lAI0yfqYgAA0yfqYiAI0xfqYkAA0xfqYmAI0wfuYgAA0wfuYiAJUzfuYkABUzfuYmAJUyfpYgABUyfpYiAJUxfpYkABUxfpYmAJUwfkoQgAoYP6UIQGHGT0kCUJDxU5oAFGL81EAACjB+aiEACzN+aiIACzJ+aiMACzF+aiQACzB+aiUAMzN+aiYAMzJ+aicAMzF+WiAAMzB+WiEAEzN+WiIAEzJ+WiMAEzF+WiQAEzB+WiUAFzJ+WiYAFzB+WicAZzJ+eiAAZzB+eiEAJzJ+eiIAJzB+eiMARzJ+eiQARzB+eiUAzzB+eiYATzB+eicAjzB+RiAABxg\/oxCAe4yfkQjALcbPaATgM+NnRAIQ42dcwwfA+BnZ0AEwfkY3bACMHwYNgPHDJ8MFwPjhZ0MFwPjhrmECYPzw0BABMH44rPsAGD88rusAGD88rdsAGD88r8sAGD8cp7sAGD8cr6sAGD+cppsAGD+crosAGD+cp\/kAGD+cr+kAGD9cptkAGD9crskAGD9Mo7kAGD9Mp6kAGD9Mq5kAGD9Mr4kAGD\/Mo\/oAGD\/Mp+oAGD\/Mq9oAGD\/Mr8oAGD8so7oAGD8sp6oAGD8sq5oAGD8sr4oAGD+UUTwAxg\/lFA2A8UNZxQJg\/FBekQAYP9Rh8QAYP9Rj0QAYP9RlsQAYP9RnkQAYP9Rp9gAYP9Rr1gAYP9RttgAYP9RvlgAYP7Rh8gAYP7Rj0gAYP7RlsgAYP7RnkgAYP7Tp4gAYP7TrogAYP7Tt7AAYP7TvrAAYP\/Th5AAYP\/TjpAAYP\/Tl6AAYP\/TnqAAYP\/Tp2QAYP\/TryQAYP\/Tt0QAYP\/TvYACMH8bwIADGD+O4EwDjh7HcBMD4YTwvkmS13nwb44fhfLkH8HbC2zR+aMSL1XpzleSbiW7P+KEhL5JcTXRbxg9lfDzzej9O9aGgxg+F7Hfb90l+POOqP0wRAOOH8t6dcZ03q\/1+n9V68zHJ12fcgPFDJVbrzfskL4+8+N\/2u+3rS54FMH6oy6sk10dc7vv9bvs6ufU04C+++uo\/J\/wh44fK7Hfbj\/vd9ldJ\/pLDjwlcJ\/nt7e2u9vt9kmTzuz\/++t\/X\/\/17nr8LYfzQgM9P8V99\/vb9frd98GzBTQA+X+GXSV5\/\/rr\/mMB1kjf73fafcxwWWN6dANz5xXrz6ta3H\/a77YclDgQs5\/+O1Pr1e6PdVwAAAABJRU5ErkJggg==\"><\/image><\/svg>\t\t\t<\/div>\n\t\t<\/div>\n\t\t\t\t\t\t<\/div>\n\t\t\t\t<\/div>\n\t\t<div class=\"elementor-element elementor-element-d2d3c4c e-con-full e-flex e-con e-child\" data-id=\"d2d3c4c\" data-element_type=\"container\" data-e-type=\"container\">\n\t\t\t\t<div class=\"elementor-element elementor-element-1aa3ae6 elementor-widget elementor-widget-image\" data-id=\"1aa3ae6\" data-element_type=\"widget\" data-e-type=\"widget\" data-widget_type=\"image.default\">\n\t\t\t\t\t\t\t\t\t\t\t\t\t\t\t<img loading=\"lazy\" decoding=\"async\" width=\"1080\" height=\"1080\" src=\"https:\/\/my-proof.com\/wp-content\/uploads\/2024\/09\/Logomark-marine.png\" class=\"attachment-full size-full wp-image-57\" alt=\"MYPROOF logo\" srcset=\"https:\/\/my-proof.com\/wp-content\/uploads\/2024\/09\/Logomark-marine.png 1080w, https:\/\/my-proof.com\/wp-content\/uploads\/2024\/09\/Logomark-marine-300x300.png 300w, https:\/\/my-proof.com\/wp-content\/uploads\/2024\/09\/Logomark-marine-1024x1024.png 1024w, https:\/\/my-proof.com\/wp-content\/uploads\/2024\/09\/Logomark-marine-150x150.png 150w, https:\/\/my-proof.com\/wp-content\/uploads\/2024\/09\/Logomark-marine-768x768.png 768w\" sizes=\"auto, (max-width: 1080px) 100vw, 1080px\" title=\"\">\t\t\t\t\t\t\t\t\t\t\t\t\t\t\t<\/div>\n\t\t\t\t<\/div>\n\t\t\t\t\t<\/div>\n\t\t\t\t<\/header>\n\t\t\t\t<\/div>\n\t\t<section class=\"elementor-element elementor-element-3501bff e-flex e-con-boxed e-con e-parent\" data-id=\"3501bff\" data-element_type=\"container\" data-e-type=\"container\">\n\t\t\t\t\t<div class=\"e-con-inner\">\n\t\t\t\t<div class=\"elementor-element elementor-element-e63b94b elementor-widget__width-inherit elementor-widget-tablet__width-inherit elementor-widget elementor-widget-text-editor\" data-id=\"e63b94b\" data-element_type=\"widget\" data-e-type=\"widget\" id=\"content\" data-widget_type=\"text-editor.default\">\n\t\t\t\t\t\t\t\t\t<h2>Site editing<\/h2><p>This site, accessible at the URL https:\/\/my-proof.com (the \" <strong>Website<\/strong> \"is published by :<\/p><p>BLOOM FINANCES , a company with share capital of 10,000 euros, registered with the R.C.S. of TOULOUSE under number 885330845, whose registered office is located at 19 rue Job, 31000 TOULOUSE, represented by Benjamin Visser, duly authorized.<\/p><p>The publisher's individual VAT number is: FR45885330845.<\/p><h2>Hosting<\/h2><p>The Site is hosted by Hostinger International LTD, located in , (telephone contact or email: https:\/\/www.hostinger.fr\/contact).<\/p><h2>Publishing Director<\/h2><p>The Site's Publishing Director is Benjamin Visser .<\/p><h2>Contact us<\/h2><p>By phone: +33 6 17 42 72 87<br \/>By email: contact@my-proof.com<br \/>By post: 19 rue Job, 31000 TOULOUSE<\/p><h2>Personal data<\/h2><p>The processing of your personal data is governed by our Privacy Charter, available from the \"Personal Data Protection Charter\" section, in accordance with the General Data Protection Regulation 2016\/679 of April 27, 2016 (\"GDPR\").<\/p>\t\t\t\t\t\t\t\t<\/div>\n\t\t\t\t\t<\/div>\n\t\t\t\t<\/section>\n\t\t\t\t<\/div>","protected":false},"excerpt":{"rendered":"<p>Mentions l\u00e9gales de my-proof.com Conform\u00e9ment aux dispositions de la loi n\u00b0 2004-575 du 21 juin 2004 pour la confiance en l&rsquo;\u00e9conomie num\u00e9rique, il est pr\u00e9cis\u00e9 aux utilisateurs du site my-proof.com l&rsquo;identit\u00e9 des diff\u00e9rents intervenants dans le cadre de sa r\u00e9alisation et de son suivi. Commencer Edition du site Le pr\u00e9sent site, accessible \u00e0 l\u2019URL https:\/\/my-proof.com [&hellip;]<\/p>\n","protected":false},"author":1,"featured_media":0,"parent":999,"menu_order":0,"comment_status":"closed","ping_status":"closed","template":"","meta":{"footnotes":""},"class_list":["post-992","page","type-page","status-publish","hentry"],"_links":{"self":[{"href":"https:\/\/my-proof.com\/en\/wp-json\/wp\/v2\/pages\/992","targetHints":{"allow":["GET"]}}],"collection":[{"href":"https:\/\/my-proof.com\/en\/wp-json\/wp\/v2\/pages"}],"about":[{"href":"https:\/\/my-proof.com\/en\/wp-json\/wp\/v2\/types\/page"}],"author":[{"embeddable":true,"href":"https:\/\/my-proof.com\/en\/wp-json\/wp\/v2\/users\/1"}],"replies":[{"embeddable":true,"href":"https:\/\/my-proof.com\/en\/wp-json\/wp\/v2\/comments?post=992"}],"version-history":[{"count":5,"href":"https:\/\/my-proof.com\/en\/wp-json\/wp\/v2\/pages\/992\/revisions"}],"predecessor-version":[{"id":7050,"href":"https:\/\/my-proof.com\/en\/wp-json\/wp\/v2\/pages\/992\/revisions\/7050"}],"up":[{"embeddable":true,"href":"https:\/\/my-proof.com\/en\/wp-json\/wp\/v2\/pages\/999"}],"wp:attachment":[{"href":"https:\/\/my-proof.com\/en\/wp-json\/wp\/v2\/media?parent=992"}],"curies":[{"name":"wp","href":"https:\/\/api.w.org\/{rel}","templated":true}]}}